{"id":82,"date":"2015-06-21T12:06:11","date_gmt":"2015-06-21T12:06:11","guid":{"rendered":"https:\/\/www.studioammannato.com\/?page_id=82"},"modified":"2020-10-27T18:05:38","modified_gmt":"2020-10-27T18:05:38","slug":"conservativa","status":"publish","type":"page","link":"https:\/\/www.studioammannato.com\/it\/dentista-a-genova\/conservativa\/","title":{"rendered":"Conservativa"},"content":{"rendered":"<div class=\"wpb-content-wrapper\"><p>[vc_row][vc_column width=&#8221;2\/3&#8243;]<div id=\"ultimate-heading-771369fb49a4b366a\" class=\"uvc-heading ult-adjust-bottom-margin ultimate-heading-771369fb49a4b366a uvc-7914  uvc-heading-default-font-sizes\" data-hspacer=\"no_spacer\"  data-halign=\"left\" style=\"text-align:left\"><div class=\"uvc-heading-spacer no_spacer\" style=\"top\"><\/div><div class=\"uvc-main-heading ult-responsive\"  data-ultimate-target='.uvc-heading.ultimate-heading-771369fb49a4b366a h1'  data-responsive-json-new='{\"font-size\":\"\",\"line-height\":\"\"}' ><h1 style=\"--font-weight:theme;\">Conservativa<\/h1><\/div><\/div>[vc_empty_space height=&#8221;20px&#8221;][vc_column_text]Questa disciplina si occupa della rimozione della carie che ha aggredito un dente. La carie \u00e8 un processo che attraverso i batteri genera un buco su una delle 5 superfici di un dente (vivo o devitalizzato) \u201cmangiando\u201d lo smalto e rendendolo al tempo stesso un tessuto morbido infarcito di batteri.<\/p>\n<p>Una volta rimossa la carie bisogna ricostruire ci\u00f2 che \u00e8 andato perso attraverso le otturazioni con un materiale (la resina composita) resistente e al tempo stesso estetico perch\u00e9 dello stesso colore del dente.<\/p>\n<p>Sempre nell\u2019ambito della stessa disciplina ci sono delle situazioni cliniche dove la carie ha aggredito e demolito buona parte del dente e quindi non si pu\u00f2 pi\u00f9 fare una otturazione ma un \u201cintarsio\u201d in resina composita o ceramica. L\u2019intarsio \u00e8 un dispositivo protesico che risulta essere una via di mezzo tra l\u2019otturazione e una corona (capsula) e viene prodotto da sofisticate apparecchiature e poi cementato in bocca con delle tecniche adesive. L\u2019intarsio si pu\u00f2 utilizzare indifferentemente sul dente vivo e devitalizzato. Importante \u00e8 essere a conoscenza del fatto che anche i denti devitalizzati si possono cariare.<\/p>\n<p>Nei denti anteriori (incisivi e canini) sempre con la stesse procedure e materiali degli intarsi, si possono eseguire le faccette (veenering) che permettono di ripristinare situazioni compromesse per carie, traumi, oppure vengono utilizzate per questioni cosmetiche e quindi migliorie del sorriso.[\/vc_column_text][\/vc_column][vc_column width=&#8221;1\/3&#8243;][vc_widget_sidebar sidebar_id=&#8221;sidebar_3&#8243;][\/vc_column][\/vc_row][vc_row][vc_column]<div class=\"aio-icon-component    style_1\"><div id=\"Info-box-wrap-7734\" class=\"aio-icon-box square_box-icon\" style=\"border-color:#416b93;border-style:solid;border-width:2px;\"  ><div class=\"aio-icon-square_box\"><div class=\"ult-just-icon-wrapper  \"><div class=\"align-icon\" style=\"text-align:center;\">\n<div class=\"aio-icon circle \" data-animation=\"fadeIn\" data-animation-delay=\"03\" style=\"color:#ffffff;background:#416b93;font-size:24px;display:inline-block;\">\n\t<i class=\"fas fa-info\"><\/i>\n<\/div><\/div><\/div><\/div><div class=\"aio-icon-header\" ><h4 class=\"aio-icon-title ult-responsive\"  data-ultimate-target='#Info-box-wrap-7734 .aio-icon-title'  data-responsive-json-new='{\"font-size\":\"\",\"line-height\":\"\"}'  style=\"\">La diga di gomma<\/h4><\/div> <!-- header --><div class=\"aio-icon-description ult-responsive\"  data-ultimate-target='#Info-box-wrap-7734 .aio-icon-description'  data-responsive-json-new='{\"font-size\":\"\",\"line-height\":\"\"}'  style=\"\"><\/p>\n<p style=\"text-align: left;\">La diga \u00e8 un dispositivo che permette di isolare dalla umidit\u00e0 del cavo orale uno o pi\u00f9 denti della bocca del paziente. Le cure eseguite con la diga risultano essere pi\u00f9 sicure per il paziente in quanto non ingeriscono materiali tossici (amalgama d\u2019argento) durante la loro rimozione. Inoltre tutte le prestazioni eseguite con la diga sono pi\u00f9 precise e durano pi\u00f9 a lungo nel tempo. Oggi, la diga \u00e8 fondamentale, soprattutto con l\u2019avvento di questi materiali estetici che necessitano di superfici dentali asciutte dove potersi incollare con i cementi resinosi. Nel nostro studio tutte queste prestazioni sopraelencate sono effettuate rigorosamente con la diga di gomma.<\/p>\n<p><\/div> <!-- description --><\/div> <!-- aio-icon-box --><\/div> <!-- aio-icon-component -->[\/vc_column][\/vc_row]<\/p>\n<\/div>","protected":false},"excerpt":{"rendered":"<p>[vc_row][vc_column width=&#8221;2\/3&#8243;][vc_empty_space height=&#8221;20px&#8221;][vc_column_text]Questa disciplina si occupa della rimozione della carie che ha aggredito un dente. La carie \u00e8 un processo che attraverso i batteri genera un buco su una delle 5 superfici di un dente (vivo o devitalizzato) \u201cmangiando\u201d lo smalto e rendendolo al tempo stesso un tessuto morbido infarcito di batteri. Una volta rimossa&hellip;<\/p>\n","protected":false},"author":1,"featured_media":0,"parent":75,"menu_order":0,"comment_status":"closed","ping_status":"closed","template":"","meta":{"footnotes":""},"class_list":["post-82","page","type-page","status-publish","hentry","description-off"],"_links":{"self":[{"href":"https:\/\/www.studioammannato.com\/it\/wp-json\/wp\/v2\/pages\/82","targetHints":{"allow":["GET"]}}],"collection":[{"href":"https:\/\/www.studioammannato.com\/it\/wp-json\/wp\/v2\/pages"}],"about":[{"href":"https:\/\/www.studioammannato.com\/it\/wp-json\/wp\/v2\/types\/page"}],"author":[{"embeddable":true,"href":"https:\/\/www.studioammannato.com\/it\/wp-json\/wp\/v2\/users\/1"}],"replies":[{"embeddable":true,"href":"https:\/\/www.studioammannato.com\/it\/wp-json\/wp\/v2\/comments?post=82"}],"version-history":[{"count":5,"href":"https:\/\/www.studioammannato.com\/it\/wp-json\/wp\/v2\/pages\/82\/revisions"}],"predecessor-version":[{"id":1240,"href":"https:\/\/www.studioammannato.com\/it\/wp-json\/wp\/v2\/pages\/82\/revisions\/1240"}],"up":[{"embeddable":true,"href":"https:\/\/www.studioammannato.com\/it\/wp-json\/wp\/v2\/pages\/75"}],"wp:attachment":[{"href":"https:\/\/www.studioammannato.com\/it\/wp-json\/wp\/v2\/media?parent=82"}],"curies":[{"name":"wp","href":"https:\/\/api.w.org\/{rel}","templated":true}]}}