{"id":89,"date":"2015-06-21T12:10:23","date_gmt":"2015-06-21T12:10:23","guid":{"rendered":"https:\/\/www.studioammannato.com\/?page_id=89"},"modified":"2020-10-29T14:00:43","modified_gmt":"2020-10-29T14:00:43","slug":"parodontologia","status":"publish","type":"page","link":"https:\/\/www.studioammannato.com\/it\/dentista-a-genova\/parodontologia\/","title":{"rendered":"Parodontologia"},"content":{"rendered":"<div class=\"wpb-content-wrapper\"><p>[vc_row][vc_column]<div id=\"ultimate-heading-32646a0274d8e75ea\" class=\"uvc-heading ult-adjust-bottom-margin ultimate-heading-32646a0274d8e75ea uvc-880  uvc-heading-default-font-sizes\" data-hspacer=\"no_spacer\"  data-halign=\"left\" style=\"text-align:left\"><div class=\"uvc-heading-spacer no_spacer\" style=\"top\"><\/div><div class=\"uvc-main-heading ult-responsive\"  data-ultimate-target='.uvc-heading.ultimate-heading-32646a0274d8e75ea h1'  data-responsive-json-new='{\"font-size\":\"\",\"line-height\":\"\"}' ><h1 style=\"--font-weight:theme;\">Parodontologia<\/h1><\/div><\/div>[vc_empty_space height=&#8221;20px&#8221;][vc_column_text]Disciplina che si occupa del supporto dei denti, quindi gengive e l\u2019osso che si trova sotto alla gengiva stessa. I denti, infatti, hanno radici che si inseriscono\u00a0nell\u2019osso ricoperto a sua volta\u00a0dalla gengiva.<\/p>\n<p>La malattia parodontale (piorrea) \u00e8 molto diffusa ed \u00e8 causata dalla presenza e permanenza di placca e tartaro che nel tempo, se non rimossi adeguatamente, determinano una retrazione delle gengive spesso accompagnata da perdita d\u2019osso. Esistono altre concause quali la predisposizione genetica, abitudini non adeguate dei pazienti, alterazioni delle risposte immunitarie, alcune malattie sistemiche.<\/p>\n<p>Negli stadi iniziali la malattia si manifesta con saguinamento e gonfiore delle gengive, mentre in una fase pi\u00f9 avanzata, si pu\u00f2 avere retrazione gengivale e mobilit\u00e0 dentale.<\/p>\n<p>La terapia d\u2019elezione per fronteggiare la malattia negli stadi iniziali \u00e8 caratterizzata dalla \u201cigiene professionale\u201d presso lo studio con strumenti ultrasonici e manuali per rimuovere placca e tartaro anche in profondit\u00e0.<\/p>\n<p>Negli stadi gravi della malattia, a seconda della situazione possiamo ricorrere a vari interventi chirurgici per ripristinare la guarigione dei tessuti di supporto dei denti.<\/p>\n<p>Lo studio fornisce una serie di strumenti per motivare costantemente i pazienti ad una corretta igiene orale a casa, in quanto queste manovre se eseguite bene e con costanza nel tempo tengono lontano questa malattia.[\/vc_column_text][\/vc_column][\/vc_row]<\/p>\n<\/div>","protected":false},"excerpt":{"rendered":"<p>[vc_row][vc_column][vc_empty_space height=&#8221;20px&#8221;][vc_column_text]Disciplina che si occupa del supporto dei denti, quindi gengive e l\u2019osso che si trova sotto alla gengiva stessa. I denti, infatti, hanno radici che si inseriscono\u00a0nell\u2019osso ricoperto a sua volta\u00a0dalla gengiva. La malattia parodontale (piorrea) \u00e8 molto diffusa ed \u00e8 causata dalla presenza e permanenza di placca e tartaro che nel tempo, se&hellip;<\/p>\n","protected":false},"author":1,"featured_media":0,"parent":75,"menu_order":0,"comment_status":"closed","ping_status":"closed","template":"","meta":{"footnotes":""},"class_list":["post-89","page","type-page","status-publish","hentry","description-off"],"_links":{"self":[{"href":"https:\/\/www.studioammannato.com\/it\/wp-json\/wp\/v2\/pages\/89","targetHints":{"allow":["GET"]}}],"collection":[{"href":"https:\/\/www.studioammannato.com\/it\/wp-json\/wp\/v2\/pages"}],"about":[{"href":"https:\/\/www.studioammannato.com\/it\/wp-json\/wp\/v2\/types\/page"}],"author":[{"embeddable":true,"href":"https:\/\/www.studioammannato.com\/it\/wp-json\/wp\/v2\/users\/1"}],"replies":[{"embeddable":true,"href":"https:\/\/www.studioammannato.com\/it\/wp-json\/wp\/v2\/comments?post=89"}],"version-history":[{"count":5,"href":"https:\/\/www.studioammannato.com\/it\/wp-json\/wp\/v2\/pages\/89\/revisions"}],"predecessor-version":[{"id":1250,"href":"https:\/\/www.studioammannato.com\/it\/wp-json\/wp\/v2\/pages\/89\/revisions\/1250"}],"up":[{"embeddable":true,"href":"https:\/\/www.studioammannato.com\/it\/wp-json\/wp\/v2\/pages\/75"}],"wp:attachment":[{"href":"https:\/\/www.studioammannato.com\/it\/wp-json\/wp\/v2\/media?parent=89"}],"curies":[{"name":"wp","href":"https:\/\/api.w.org\/{rel}","templated":true}]}}