{"id":98,"date":"2015-06-21T12:18:45","date_gmt":"2015-06-21T12:18:45","guid":{"rendered":"https:\/\/www.studioammannato.com\/?page_id=98"},"modified":"2020-10-29T14:54:15","modified_gmt":"2020-10-29T14:54:15","slug":"pedodonzia-lo-studio-per-i-bambini","status":"publish","type":"page","link":"https:\/\/www.studioammannato.com\/it\/dentista-a-genova\/pedodonzia-lo-studio-per-i-bambini\/","title":{"rendered":"Pedodonzia (lo Studio per i bambini)"},"content":{"rendered":"<div class=\"wpb-content-wrapper\"><p>[vc_row][vc_column]<div id=\"ultimate-heading-125569fb3e7c240af\" class=\"uvc-heading ult-adjust-bottom-margin ultimate-heading-125569fb3e7c240af uvc-9320  uvc-heading-default-font-sizes\" data-hspacer=\"no_spacer\"  data-halign=\"left\" style=\"text-align:left\"><div class=\"uvc-heading-spacer no_spacer\" style=\"top\"><\/div><div class=\"uvc-main-heading ult-responsive\"  data-ultimate-target='.uvc-heading.ultimate-heading-125569fb3e7c240af h1'  data-responsive-json-new='{\"font-size\":\"\",\"line-height\":\"\"}' ><h1 style=\"--font-weight:theme;\">Pedodonzia (lo Studio per i bambini)<\/h1><\/div><\/div>[vc_empty_space height=&#8221;20px&#8221;][vc_single_image image=&#8221;196&#8243; img_size=&#8221;full&#8221;][\/vc_column][\/vc_row][vc_row][vc_column width=&#8221;2\/3&#8243;][vc_empty_space height=&#8221;20px&#8221;][vc_column_text]Lo studio dispone di servizi per intrattenere i piccoli pazienti (i-pad con vari giochi e Tv con cartoni animati ecc..) e tecnologie per curare al meglio e senza traumatizzare. I denti da latte (decidui) svolgono la loro funzione fino ai 12 anni circa e se si cariano vanno curati, come succede per i denti permanenti dell\u2019adulto.<\/p>\n<p>Nel nostro studio, molta attenzione viene posta alla prevenzione (come anche per l\u2019adulto), quindi gi\u00e0 dopo i primissimi anni \u00e8 opportuno fare delle visite presso il nostro studio anche per i giovanissimi pazienti. Lo studio \u00e8 organizzato in modo tale da richiamare automaticamente i pazienti in crescita, (come anche per l\u2019adulto) in modo da monitorare ed eventualmente intercettare, allo stato iniziale, terapie da eseguire.<\/p>\n<p>Una delle terapie pi\u00f9 frequenti sul bambino \u00e8 la sigillatura (quando ci sono le indicazioni, quindi solchi profondi) delle superfici masticanti dei molari definitivi. La procedura, prevede di inserire una resina fluida in questi solchi profondi rendendo le superfici pi\u00f9 regolari, meno profonde e quindi meno aggredibili dalla placca batterica.[\/vc_column_text][\/vc_column][vc_column width=&#8221;1\/3&#8243;][vc_empty_space height=&#8221;20px&#8221;]<div class=\"smile_icon_list_wrap ult_info_list_container ult-adjust-bottom-margin  \"><ul class=\"smile_icon_list left circle with_bg\"><li class=\"icon_list_item\" style=\" font-size:72px;\"><div class=\"icon_list_icon\" data-animation=\"\" data-animation-delay=\"03\" style=\"font-size:24px;border-width:1px;border-style:none;background:#416b93;color:#ffffff;border-color:#333333;\"><i class=\"fas fa-moon\" ><\/i><\/div><div class=\"icon_description\" id=\"Info-list-wrap-6082\" style=\"font-size:24px;\"><h3 class=\"ult-responsive info-list-heading\"  data-ultimate-target='#Info-list-wrap-6082 h3'  data-responsive-json-new='{\"font-size\":\"desktop:16px;\",\"line-height\":\"desktop:24px;\"}'  style=\"\">Alla sera<\/h3><div class=\"icon_description_text ult-responsive\"  data-ultimate-target='#Info-list-wrap-6082 .icon_description_text'  data-responsive-json-new='{\"font-size\":\"desktop:13px;\",\"line-height\":\"desktop:18px;\"}'  style=\"\"><p>Dopo essersi lavati i denti non assumere bevande zuccherate.<\/p>\n<\/div><\/div><div class=\"icon_list_connector\" data-animation=\"fadeInUp\" data-animation-delay=\"03\" style=\"border-right-width: 2px;border-right-style: dashed;border-color: #416b93;left: 36px;\"><\/div><\/li><li class=\"icon_list_item\" style=\" font-size:72px;\"><div class=\"icon_list_icon\" data-animation=\"\" data-animation-delay=\"03\" style=\"font-size:24px;border-width:1px;border-style:none;background:#416b93;color:#ffffff;border-color:#333333;\"><i class=\"far fa-grin-tears\" ><\/i><\/div><div class=\"icon_description\" id=\"Info-list-wrap-9055\" style=\"font-size:24px;\"><h3 class=\"ult-responsive info-list-heading\"  data-ultimate-target='#Info-list-wrap-9055 h3'  data-responsive-json-new='{\"font-size\":\"desktop:16px;\",\"line-height\":\"desktop:24px;\"}'  style=\"\">Succhiotto<\/h3><div class=\"icon_description_text ult-responsive\"  data-ultimate-target='#Info-list-wrap-9055 .icon_description_text'  data-responsive-json-new='{\"font-size\":\"desktop:13px;\",\"line-height\":\"desktop:18px;\"}'  style=\"\"><p>Non bagnare il succhiotto con zucchero o miele<\/p>\n<\/div><\/div><div class=\"icon_list_connector\" data-animation=\"fadeInUp\" data-animation-delay=\"03\" style=\"border-right-width: 2px;border-right-style: dashed;border-color: #416b93;left: 36px;\"><\/div><\/li><li class=\"icon_list_item\" style=\" font-size:72px;\"><div class=\"icon_list_icon\" data-animation=\"\" data-animation-delay=\"03\" style=\"font-size:24px;border-width:1px;border-style:none;background:#416b93;color:#ffffff;border-color:#333333;\"><i class=\"far fa-thumbs-up\" ><\/i><\/div><div class=\"icon_description\" id=\"Info-list-wrap-7583\" style=\"font-size:24px;\"><h3 class=\"ult-responsive info-list-heading\"  data-ultimate-target='#Info-list-wrap-7583 h3'  data-responsive-json-new='{\"font-size\":\"desktop:16px;\",\"line-height\":\"desktop:24px;\"}'  style=\"\">Per il palato<\/h3><div class=\"icon_description_text ult-responsive\"  data-ultimate-target='#Info-list-wrap-7583 .icon_description_text'  data-responsive-json-new='{\"font-size\":\"desktop:13px;\",\"line-height\":\"desktop:18px;\"}'  style=\"\"><p>Far perdere al pi\u00f9 presto l\u2019abitudine del succhiotto e demotivare la suzione del dito in bocca per prevenire malformazioni del palato<\/p>\n<\/div><\/div><div class=\"icon_list_connector\" data-animation=\"fadeInUp\" data-animation-delay=\"03\" style=\"border-right-width: 2px;border-right-style: dashed;border-color: #416b93;left: 36px;\"><\/div><\/li><li class=\"icon_list_item\" style=\" font-size:72px;\"><div class=\"icon_list_icon\" data-animation=\"\" data-animation-delay=\"03\" style=\"font-size:24px;border-width:1px;border-style:none;background:#416b93;color:#ffffff;border-color:#333333;\"><i class=\"far fa-bell\" ><\/i><\/div><div class=\"icon_description\" id=\"Info-list-wrap-3991\" style=\"font-size:24px;\"><h3 class=\"ult-responsive info-list-heading\"  data-ultimate-target='#Info-list-wrap-3991 h3'  data-responsive-json-new='{\"font-size\":\"desktop:16px;\",\"line-height\":\"desktop:24px;\"}'  style=\"\">A scuola<\/h3><div class=\"icon_description_text ult-responsive\"  data-ultimate-target='#Info-list-wrap-3991 .icon_description_text'  data-responsive-json-new='{\"font-size\":\"desktop:13px;\",\"line-height\":\"desktop:18px;\"}'  style=\"\"><p>Evitare merende zuccherate e privilegiare cibi salati.<\/p>\n<\/div><\/div><div class=\"icon_list_connector\" data-animation=\"fadeInUp\" data-animation-delay=\"03\" style=\"border-right-width: 2px;border-right-style: dashed;border-color: #416b93;left: 36px;\"><\/div><\/li><\/ul><\/div>[\/vc_column][\/vc_row]<\/p>\n<\/div>","protected":false},"excerpt":{"rendered":"<p>[vc_row][vc_column][vc_empty_space height=&#8221;20px&#8221;][vc_single_image image=&#8221;196&#8243; img_size=&#8221;full&#8221;][\/vc_column][\/vc_row][vc_row][vc_column width=&#8221;2\/3&#8243;][vc_empty_space height=&#8221;20px&#8221;][vc_column_text]Lo studio dispone di servizi per intrattenere i piccoli pazienti (i-pad con vari giochi e Tv con cartoni animati ecc..) e tecnologie per curare al meglio e senza traumatizzare. I denti da latte (decidui) svolgono la loro funzione fino ai 12 anni circa e se si cariano vanno curati, come&hellip;<\/p>\n","protected":false},"author":1,"featured_media":0,"parent":75,"menu_order":0,"comment_status":"closed","ping_status":"closed","template":"","meta":{"footnotes":""},"class_list":["post-98","page","type-page","status-publish","hentry","description-off"],"_links":{"self":[{"href":"https:\/\/www.studioammannato.com\/it\/wp-json\/wp\/v2\/pages\/98","targetHints":{"allow":["GET"]}}],"collection":[{"href":"https:\/\/www.studioammannato.com\/it\/wp-json\/wp\/v2\/pages"}],"about":[{"href":"https:\/\/www.studioammannato.com\/it\/wp-json\/wp\/v2\/types\/page"}],"author":[{"embeddable":true,"href":"https:\/\/www.studioammannato.com\/it\/wp-json\/wp\/v2\/users\/1"}],"replies":[{"embeddable":true,"href":"https:\/\/www.studioammannato.com\/it\/wp-json\/wp\/v2\/comments?post=98"}],"version-history":[{"count":5,"href":"https:\/\/www.studioammannato.com\/it\/wp-json\/wp\/v2\/pages\/98\/revisions"}],"predecessor-version":[{"id":1256,"href":"https:\/\/www.studioammannato.com\/it\/wp-json\/wp\/v2\/pages\/98\/revisions\/1256"}],"up":[{"embeddable":true,"href":"https:\/\/www.studioammannato.com\/it\/wp-json\/wp\/v2\/pages\/75"}],"wp:attachment":[{"href":"https:\/\/www.studioammannato.com\/it\/wp-json\/wp\/v2\/media?parent=98"}],"curies":[{"name":"wp","href":"https:\/\/api.w.org\/{rel}","templated":true}]}}